{"id":2132,"date":"2023-08-07T13:20:36","date_gmt":"2023-08-07T13:20:36","guid":{"rendered":"https:\/\/claroins.com\/index.php\/divulgacion\/"},"modified":"2023-08-25T03:56:37","modified_gmt":"2023-08-25T03:56:37","slug":"divulgacion","status":"publish","type":"page","link":"https:\/\/claroins.com\/es\/index.php\/divulgacion\/","title":{"rendered":"Divulgaci\u00f3n"},"content":{"rendered":"\t\t<div data-elementor-type=\"wp-page\" data-elementor-id=\"2132\" class=\"elementor elementor-2132 elementor-58\">\n\t\t\t\t\t\t<section data-exad-particle-enable=\"false\" class=\"elementor-section elementor-top-section elementor-element elementor-element-ec41cfb elementor-section-boxed elementor-section-height-default elementor-section-height-default exad-parallax-effect-no exad-background-color-change-no exad-glass-effect-no exad-sticky-section-no\" data-id=\"ec41cfb\" data-element_type=\"section\" data-e-type=\"section\" data-settings=\"{&quot;background_background&quot;:&quot;classic&quot;}\">\n\t\t\t\t\t\t<div class=\"elementor-container elementor-column-gap-default\">\n\t\t\t\t\t<div class=\"elementor-column elementor-col-100 elementor-top-column elementor-element elementor-element-a72423d exad-glass-effect-no exad-sticky-section-no\" data-id=\"a72423d\" data-element_type=\"column\" data-e-type=\"column\">\n\t\t\t<div class=\"elementor-widget-wrap elementor-element-populated\">\n\t\t\t\t\t\t<section data-exad-particle-enable=\"false\" class=\"elementor-section elementor-inner-section elementor-element elementor-element-fb0ea16 elementor-section-boxed elementor-section-height-default elementor-section-height-default exad-parallax-effect-no exad-background-color-change-no exad-glass-effect-no exad-sticky-section-no\" data-id=\"fb0ea16\" data-element_type=\"section\" data-e-type=\"section\">\n\t\t\t\t\t\t<div class=\"elementor-container elementor-column-gap-default\">\n\t\t\t\t\t<div class=\"elementor-column elementor-col-50 elementor-inner-column elementor-element elementor-element-8f1a03a exad-glass-effect-no exad-sticky-section-no\" data-id=\"8f1a03a\" data-element_type=\"column\" data-e-type=\"column\" data-settings=\"{&quot;background_background&quot;:&quot;classic&quot;}\">\n\t\t\t<div class=\"elementor-widget-wrap elementor-element-populated\">\n\t\t\t\t\t\t<div class=\"elementor-element elementor-element-0f7ae4f elementor-icon-list--layout-inline elementor-list-item-link-full_width exad-sticky-section-no exad-glass-effect-no elementor-invisible elementor-widget elementor-widget-icon-list\" data-id=\"0f7ae4f\" data-element_type=\"widget\" data-e-type=\"widget\" data-settings=\"{&quot;_animation&quot;:&quot;fadeInRight&quot;}\" data-widget_type=\"icon-list.default\">\n\t\t\t\t<div class=\"elementor-widget-container\">\n\t\t\t\t\t\t\t<ul class=\"elementor-icon-list-items elementor-inline-items\">\n\t\t\t\t\t\t\t<li class=\"elementor-icon-list-item elementor-inline-item\">\n\t\t\t\t\t\t\t\t\t\t\t<a href=\"https:\/\/claroins.com\/es\/\">\n\n\t\t\t\t\t\t\t\t\t\t\t<span class=\"elementor-icon-list-text\">Inicio<\/span>\n\t\t\t\t\t\t\t\t\t\t\t<\/a>\n\t\t\t\t\t\t\t\t\t<\/li>\n\t\t\t\t\t\t\t\t<li class=\"elementor-icon-list-item elementor-inline-item\">\n\t\t\t\t\t\t\t\t\t\t\t<span class=\"elementor-icon-list-icon\">\n\t\t\t\t\t\t\t<i aria-hidden=\"true\" class=\"icon icon-right-arrow1\"><\/i>\t\t\t\t\t\t<\/span>\n\t\t\t\t\t\t\t\t\t\t<span class=\"elementor-icon-list-text\">Divulgaci\u00f3n<\/span>\n\t\t\t\t\t\t\t\t\t<\/li>\n\t\t\t\t\t\t<\/ul>\n\t\t\t\t\t\t<\/div>\n\t\t\t\t<\/div>\n\t\t\t\t<div class=\"elementor-element elementor-element-8ea2701 exad-sticky-section-no exad-glass-effect-no elementor-invisible elementor-widget elementor-widget-heading\" data-id=\"8ea2701\" data-element_type=\"widget\" data-e-type=\"widget\" data-settings=\"{&quot;_animation&quot;:&quot;fadeInLeft&quot;}\" data-widget_type=\"heading.default\">\n\t\t\t\t<div class=\"elementor-widget-container\">\n\t\t\t\t\t<h2 class=\"elementor-heading-title elementor-size-default\">DIVULGACI\u00d3N\n<\/h2>\t\t\t\t<\/div>\n\t\t\t\t<\/div>\n\t\t\t\t\t<\/div>\n\t\t<\/div>\n\t\t\t\t<div class=\"elementor-column elementor-col-50 elementor-inner-column elementor-element elementor-element-b29c386 exad-glass-effect-no exad-sticky-section-no\" data-id=\"b29c386\" data-element_type=\"column\" data-e-type=\"column\">\n\t\t\t<div class=\"elementor-widget-wrap\">\n\t\t\t\t\t\t\t<\/div>\n\t\t<\/div>\n\t\t\t\t\t<\/div>\n\t\t<\/section>\n\t\t\t\t\t<\/div>\n\t\t<\/div>\n\t\t\t\t\t<\/div>\n\t\t<\/section>\n\t\t\t\t<section data-exad-particle-enable=\"false\" class=\"elementor-section elementor-top-section elementor-element elementor-element-f38bd40 elementor-section-boxed elementor-section-height-default elementor-section-height-default exad-parallax-effect-no exad-background-color-change-no exad-glass-effect-no exad-sticky-section-no\" data-id=\"f38bd40\" data-element_type=\"section\" data-e-type=\"section\">\n\t\t\t\t\t\t<div class=\"elementor-container elementor-column-gap-default\">\n\t\t\t\t\t<div class=\"elementor-column elementor-col-100 elementor-top-column elementor-element elementor-element-265373d exad-glass-effect-no exad-sticky-section-no\" data-id=\"265373d\" data-element_type=\"column\" data-e-type=\"column\">\n\t\t\t<div class=\"elementor-widget-wrap elementor-element-populated\">\n\t\t\t\t\t\t<div class=\"elementor-element elementor-element-2571591 exad-sticky-section-no exad-glass-effect-no elementor-invisible elementor-widget elementor-widget-heading\" data-id=\"2571591\" data-element_type=\"widget\" data-e-type=\"widget\" data-settings=\"{&quot;_animation&quot;:&quot;fadeInLeft&quot;}\" data-widget_type=\"heading.default\">\n\t\t\t\t<div class=\"elementor-widget-container\">\n\t\t\t\t\t<h2 class=\"elementor-heading-title elementor-size-default\">DIVULGACI\u00d3N DEL PLAN DE CONTINUIDAD DE LAS ACTIVIDADES\n<\/h2>\t\t\t\t<\/div>\n\t\t\t\t<\/div>\n\t\t\t\t<div class=\"elementor-element elementor-element-db53e2e exad-sticky-section-no exad-glass-effect-no elementor-invisible elementor-widget elementor-widget-heading\" data-id=\"db53e2e\" data-element_type=\"widget\" data-e-type=\"widget\" data-settings=\"{&quot;_animation&quot;:&quot;fadeInLeft&quot;}\" data-widget_type=\"heading.default\">\n\t\t\t\t<div class=\"elementor-widget-container\">\n\t\t\t\t\t<h2 class=\"elementor-heading-title elementor-size-default\">En caso de interrupci\u00f3n significativa de la actividad empresarial,<\/h2>\t\t\t\t<\/div>\n\t\t\t\t<\/div>\n\t\t\t\t<div class=\"elementor-element elementor-element-0c2f735 exad-sticky-section-no exad-glass-effect-no elementor-invisible elementor-widget elementor-widget-heading\" data-id=\"0c2f735\" data-element_type=\"widget\" data-e-type=\"widget\" data-settings=\"{&quot;_animation&quot;:&quot;fadeInLeft&quot;}\" data-widget_type=\"heading.default\">\n\t\t\t\t<div class=\"elementor-widget-container\">\n\t\t\t\t\t<h2 class=\"elementor-heading-title elementor-size-default\">P\u00f3ngase en contacto con AE en el 1-800-222-3058 1-888-925-7100  \n\n\n<a href=\"http:\/\/www.aeiginsurance.com\" style=\"color:green\">  www.aeiginsurance.com  <\/a>\n\nO p\u00f3ngase en contacto con su agente.<\/h2>\t\t\t\t<\/div>\n\t\t\t\t<\/div>\n\t\t\t\t<div class=\"elementor-element elementor-element-4d6c1f6 exad-sticky-section-no exad-glass-effect-no elementor-widget elementor-widget-text-editor\" data-id=\"4d6c1f6\" data-element_type=\"widget\" data-e-type=\"widget\" data-widget_type=\"text-editor.default\">\n\t\t\t\t<div class=\"elementor-widget-container\">\n\t\t\t\t\t\t\t\t\t<section class=\"elementor-section elementor-top-section elementor-element elementor-element-3640672 elementor-section-boxed elementor-section-height-default elementor-section-height-default\" data-id=\"3640672\" data-element_type=\"section\">\n<div class=\"elementor-container elementor-column-gap-default\">\n<div class=\"elementor-row\">\n<div class=\"elementor-column elementor-col-100 elementor-top-column elementor-element elementor-element-f214c5a\" data-id=\"f214c5a\" data-element_type=\"column\">\n<div class=\"elementor-column-wrap elementor-element-populated\">\n<div class=\"elementor-widget-wrap\">\n<div class=\"elementor-element elementor-element-c480888 elementor-widget elementor-widget-elementskit-heading\" data-id=\"c480888\" data-element_type=\"widget\" data-widget_type=\"elementskit-heading.default\">\n<div class=\"elementor-widget-container\">\n<div class=\"ekit-wid-con\">\n<div class=\"ekit-heading elementskit-section-title-wraper text_left ekit_heading_tablet- ekit_heading_mobile-\">\n<div class=\"ekit-heading__description\">\n<p>American European Insurance Group, Inc. y sus filiales (\u00abAE\u00bb) han desarrollado un Plan de Continuidad de Negocio (\u00abPCN\u00bb) en el que se describe la respuesta de la Compa\u00f1\u00eda ante acontecimientos que perturben significativamente su actividad.<\/p>\n<p>Plan de Continuidad de la Actividad Empresarial (\u00abPCC\u00bb) de AE<\/p>\n<p>La pol\u00edtica de AE es responder a una interrupci\u00f3n significativa del negocio salvaguardando a nuestros empleados y los bienes de la Compa\u00f1\u00eda, realizando una evaluaci\u00f3n financiera y operativa, recuperando y reanudando r\u00e1pidamente las operaciones para permitirnos prestar servicios y realizar transacciones comerciales con los agentes, reclamantes y asegurados de AE, y protegiendo los libros y registros de la Compa\u00f1\u00eda.<\/p>\n<p>En caso de que cualquiera de las ubicaciones de la Empresa (Cherry Hill, NJ, o Nueva York, NY) sufra un fallo catastr\u00f3fico de las telecomunicaciones y\/o los sistemas, AE iniciar\u00e1 inmediatamente las operaciones de emergencia apropiadas.<\/p>\n<p>Nuestro BCP aborda: Copia de seguridad y recuperaci\u00f3n de datos; todos los sistemas de misi\u00f3n cr\u00edtica; evaluaciones financieras y operativas; medios alternativos de comunicaci\u00f3n con agentes, reclamantes, asegurados, empleados, reguladores y componentes cr\u00edticos del negocio; ubicaci\u00f3n(es) f\u00edsica(s) alternativa(s); y, procedimientos para garantizar la accesibilidad de agentes y clientes a la informaci\u00f3n sobre reclamaciones, p\u00f3lizas y pagos.<\/p>\n<p>Nuestro PBC puede ser revisado o modificado. Si se introducen cambios, se publicar\u00e1 r\u00e1pidamente un resumen actualizado en nuestro sitio web, <a href=\"http:\/\/www.aeiginsurance.com\/\">www.aeiginsurance.com.<\/a><\/p>\n<p>C\u00f3mo ponerse en contacto con nosotros &#8211; Si tras una interrupci\u00f3n importante de la actividad comercial no puede ponerse en contacto con nosotros como lo hace habitualmente llamando al 1- 800-222-3058 o al 1-888-925-7100, debe ponerse en contacto con su agente o visitar nuestra p\u00e1gina web <a href=\"http:\/\/www.aeiginsurance.com\/\">www.aeiginsurance.com.<\/a><\/p>\n<\/div>\n<\/div>\n<\/div>\n<\/div>\n<\/div>\n<\/div>\n<\/div>\n<\/div>\n<\/div>\n<\/div>\n<\/section>\n<section class=\"elementor-section elementor-top-section elementor-element elementor-element-737b2aa6 cta elementor-section-boxed elementor-section-height-default elementor-section-height-default\" data-id=\"737b2aa6\" data-element_type=\"section\" data-settings=\"{\"background_background\":\"classic\"}\">\n<div class=\"elementor-container elementor-column-gap-default\">\n<div class=\"elementor-row\">\n<div class=\"elementor-column elementor-col-100 elementor-top-column elementor-element elementor-element-5046b63e\" data-id=\"5046b63e\" data-element_type=\"column\" data-settings=\"{\"background_background\":\"classic\"}\">\n<div class=\"elementor-column-wrap elementor-element-populated\"> <\/div>\n<\/div>\n<\/div>\n<\/div>\n<\/section>\n\t\t\t\t\t\t\t\t<\/div>\n\t\t\t\t<\/div>\n\t\t\t\t\t<\/div>\n\t\t<\/div>\n\t\t\t\t\t<\/div>\n\t\t<\/section>\n\t\t\t\t<\/div>\n\t\t","protected":false},"excerpt":{"rendered":"<p>Inicio Divulgaci\u00f3n DIVULGACI\u00d3N DIVULGACI\u00d3N DEL PLAN DE CONTINUIDAD DE LAS ACTIVIDADES En caso de interrupci\u00f3n significativa de la actividad empresarial, P\u00f3ngase en contacto con AE en el 1-800-222-3058 1-888-925-7100 www.aeiginsurance.com O p\u00f3ngase en contacto con su agente. American European Insurance Group, Inc. y sus filiales (\u00abAE\u00bb) han desarrollado un Plan de Continuidad de Negocio (\u00abPCN\u00bb)&hellip; <a class=\"more-link\" href=\"https:\/\/claroins.com\/es\/index.php\/divulgacion\/\">Seguir leyendo <span class=\"screen-reader-text\">Divulgaci\u00f3n<\/span><\/a><\/p>\n","protected":false},"author":3,"featured_media":0,"parent":0,"menu_order":0,"comment_status":"closed","ping_status":"closed","template":"elementor_header_footer","meta":{"footnotes":""},"class_list":["post-2132","page","type-page","status-publish","hentry","entry"],"_links":{"self":[{"href":"https:\/\/claroins.com\/es\/index.php\/wp-json\/wp\/v2\/pages\/2132","targetHints":{"allow":["GET"]}}],"collection":[{"href":"https:\/\/claroins.com\/es\/index.php\/wp-json\/wp\/v2\/pages"}],"about":[{"href":"https:\/\/claroins.com\/es\/index.php\/wp-json\/wp\/v2\/types\/page"}],"author":[{"embeddable":true,"href":"https:\/\/claroins.com\/es\/index.php\/wp-json\/wp\/v2\/users\/3"}],"replies":[{"embeddable":true,"href":"https:\/\/claroins.com\/es\/index.php\/wp-json\/wp\/v2\/comments?post=2132"}],"version-history":[{"count":2,"href":"https:\/\/claroins.com\/es\/index.php\/wp-json\/wp\/v2\/pages\/2132\/revisions"}],"predecessor-version":[{"id":2136,"href":"https:\/\/claroins.com\/es\/index.php\/wp-json\/wp\/v2\/pages\/2132\/revisions\/2136"}],"wp:attachment":[{"href":"https:\/\/claroins.com\/es\/index.php\/wp-json\/wp\/v2\/media?parent=2132"}],"curies":[{"name":"wp","href":"https:\/\/api.w.org\/{rel}","templated":true}]}}