{"id":2138,"date":"2023-08-07T13:20:23","date_gmt":"2023-08-07T13:20:23","guid":{"rendered":"https:\/\/claroins.com\/index.php\/politica-de-privacidad\/"},"modified":"2023-08-25T03:56:40","modified_gmt":"2023-08-25T03:56:40","slug":"politica-de-privacidad","status":"publish","type":"page","link":"https:\/\/claroins.com\/es\/index.php\/politica-de-privacidad\/","title":{"rendered":"Pol\u00edtica de privacidad"},"content":{"rendered":"\t\t<div data-elementor-type=\"wp-page\" data-elementor-id=\"2138\" class=\"elementor elementor-2138 elementor-56\">\n\t\t\t\t\t\t<section data-exad-particle-enable=\"false\" class=\"elementor-section elementor-top-section elementor-element elementor-element-ef1ca67 elementor-section-boxed elementor-section-height-default elementor-section-height-default exad-parallax-effect-no exad-background-color-change-no exad-glass-effect-no exad-sticky-section-no\" data-id=\"ef1ca67\" data-element_type=\"section\" data-e-type=\"section\" data-settings=\"{&quot;background_background&quot;:&quot;classic&quot;}\">\n\t\t\t\t\t\t<div class=\"elementor-container elementor-column-gap-default\">\n\t\t\t\t\t<div class=\"elementor-column elementor-col-100 elementor-top-column elementor-element elementor-element-5957e51 exad-glass-effect-no exad-sticky-section-no\" data-id=\"5957e51\" data-element_type=\"column\" data-e-type=\"column\">\n\t\t\t<div class=\"elementor-widget-wrap elementor-element-populated\">\n\t\t\t\t\t\t<section data-exad-particle-enable=\"false\" class=\"elementor-section elementor-inner-section elementor-element elementor-element-73ac338 elementor-section-boxed elementor-section-height-default elementor-section-height-default exad-parallax-effect-no exad-background-color-change-no exad-glass-effect-no exad-sticky-section-no\" data-id=\"73ac338\" data-element_type=\"section\" data-e-type=\"section\">\n\t\t\t\t\t\t<div class=\"elementor-container elementor-column-gap-default\">\n\t\t\t\t\t<div class=\"elementor-column elementor-col-50 elementor-inner-column elementor-element elementor-element-5d655ce exad-glass-effect-no exad-sticky-section-no\" data-id=\"5d655ce\" data-element_type=\"column\" data-e-type=\"column\" data-settings=\"{&quot;background_background&quot;:&quot;classic&quot;}\">\n\t\t\t<div class=\"elementor-widget-wrap elementor-element-populated\">\n\t\t\t\t\t\t<div class=\"elementor-element elementor-element-6a78e28 elementor-icon-list--layout-inline elementor-list-item-link-full_width exad-sticky-section-no exad-glass-effect-no elementor-invisible elementor-widget elementor-widget-icon-list\" data-id=\"6a78e28\" data-element_type=\"widget\" data-e-type=\"widget\" data-settings=\"{&quot;_animation&quot;:&quot;fadeInRight&quot;}\" data-widget_type=\"icon-list.default\">\n\t\t\t\t<div class=\"elementor-widget-container\">\n\t\t\t\t\t\t\t<ul class=\"elementor-icon-list-items elementor-inline-items\">\n\t\t\t\t\t\t\t<li class=\"elementor-icon-list-item elementor-inline-item\">\n\t\t\t\t\t\t\t\t\t\t\t<a href=\"https:\/\/claroins.com\/es\/\">\n\n\t\t\t\t\t\t\t\t\t\t\t<span class=\"elementor-icon-list-text\">Inicio<\/span>\n\t\t\t\t\t\t\t\t\t\t\t<\/a>\n\t\t\t\t\t\t\t\t\t<\/li>\n\t\t\t\t\t\t\t\t<li class=\"elementor-icon-list-item elementor-inline-item\">\n\t\t\t\t\t\t\t\t\t\t\t<span class=\"elementor-icon-list-icon\">\n\t\t\t\t\t\t\t<i aria-hidden=\"true\" class=\"icon icon-right-arrow1\"><\/i>\t\t\t\t\t\t<\/span>\n\t\t\t\t\t\t\t\t\t\t<span class=\"elementor-icon-list-text\">Pol\u00edtica de privacidad<\/span>\n\t\t\t\t\t\t\t\t\t<\/li>\n\t\t\t\t\t\t<\/ul>\n\t\t\t\t\t\t<\/div>\n\t\t\t\t<\/div>\n\t\t\t\t<div class=\"elementor-element elementor-element-626640a exad-sticky-section-no exad-glass-effect-no elementor-invisible elementor-widget elementor-widget-heading\" data-id=\"626640a\" data-element_type=\"widget\" data-e-type=\"widget\" data-settings=\"{&quot;_animation&quot;:&quot;fadeInLeft&quot;}\" data-widget_type=\"heading.default\">\n\t\t\t\t<div class=\"elementor-widget-container\">\n\t\t\t\t\t<h2 class=\"elementor-heading-title elementor-size-default\">Pol\u00edtica de privacidad<\/h2>\t\t\t\t<\/div>\n\t\t\t\t<\/div>\n\t\t\t\t\t<\/div>\n\t\t<\/div>\n\t\t\t\t<div class=\"elementor-column elementor-col-50 elementor-inner-column elementor-element elementor-element-70185cf exad-glass-effect-no exad-sticky-section-no\" data-id=\"70185cf\" data-element_type=\"column\" data-e-type=\"column\">\n\t\t\t<div class=\"elementor-widget-wrap\">\n\t\t\t\t\t\t\t<\/div>\n\t\t<\/div>\n\t\t\t\t\t<\/div>\n\t\t<\/section>\n\t\t\t\t\t<\/div>\n\t\t<\/div>\n\t\t\t\t\t<\/div>\n\t\t<\/section>\n\t\t\t\t<section data-exad-particle-enable=\"false\" class=\"elementor-section elementor-top-section elementor-element elementor-element-2dd81eb elementor-section-boxed elementor-section-height-default elementor-section-height-default exad-parallax-effect-no exad-background-color-change-no exad-glass-effect-no exad-sticky-section-no\" data-id=\"2dd81eb\" data-element_type=\"section\" data-e-type=\"section\">\n\t\t\t\t\t\t<div class=\"elementor-container elementor-column-gap-default\">\n\t\t\t\t\t<div class=\"elementor-column elementor-col-100 elementor-top-column elementor-element elementor-element-196ff76 exad-glass-effect-no exad-sticky-section-no\" data-id=\"196ff76\" data-element_type=\"column\" data-e-type=\"column\">\n\t\t\t<div class=\"elementor-widget-wrap elementor-element-populated\">\n\t\t\t\t\t\t<div class=\"elementor-element elementor-element-6b5bfa9 exad-sticky-section-no exad-glass-effect-no elementor-widget elementor-widget-text-editor\" data-id=\"6b5bfa9\" data-element_type=\"widget\" data-e-type=\"widget\" data-widget_type=\"text-editor.default\">\n\t\t\t\t<div class=\"elementor-widget-container\">\n\t\t\t\t\t\t\t\t\t<p>Para poder ofrecer productos de seguros de alta calidad, recopilamos informaci\u00f3n personal sobre usted y su familia. Consideramos que esta informaci\u00f3n es confidencial y disponemos de procedimientos para protegerla contra su uso y divulgaci\u00f3n il\u00edcitos. Divulgaremos sus datos personales \u00fanicamente cuando sea necesario para tramitar su solicitud de seguro y para prestarle servicio como tomador o reclamante. <span class=\"bluetitle\"> <strong>American European Insurance Group (\u00abAE\u00bb)<\/strong><\/span> <strong>no vende informaci\u00f3n personal sobre usted y su familia a terceros.<\/strong><\/p>\n\t\t\t\t\t\t\t\t<\/div>\n\t\t\t\t<\/div>\n\t\t\t\t<div class=\"elementor-element elementor-element-bfcbff1 exad-sticky-section-no exad-glass-effect-no elementor-invisible elementor-widget elementor-widget-heading\" data-id=\"bfcbff1\" data-element_type=\"widget\" data-e-type=\"widget\" data-settings=\"{&quot;_animation&quot;:&quot;fadeInLeft&quot;}\" data-widget_type=\"heading.default\">\n\t\t\t\t<div class=\"elementor-widget-container\">\n\t\t\t\t\t<h2 class=\"elementor-heading-title elementor-size-default\">Informaci\u00f3n personal que recopilamos\n<\/h2>\t\t\t\t<\/div>\n\t\t\t\t<\/div>\n\t\t\t\t<div class=\"elementor-element elementor-element-ebd8edb exad-sticky-section-no exad-glass-effect-no elementor-invisible elementor-widget elementor-widget-heading\" data-id=\"ebd8edb\" data-element_type=\"widget\" data-e-type=\"widget\" data-settings=\"{&quot;_animation&quot;:&quot;fadeInLeft&quot;}\" data-widget_type=\"heading.default\">\n\t\t\t\t<div class=\"elementor-widget-container\">\n\t\t\t\t\t<h2 class=\"elementor-heading-title elementor-size-default\">Recopilamos informaci\u00f3n personal sobre usted y su familia:\n<\/h2>\t\t\t\t<\/div>\n\t\t\t\t<\/div>\n\t\t\t\t<div class=\"elementor-element elementor-element-81106ec exad-sticky-section-no exad-glass-effect-no elementor-widget elementor-widget-text-editor\" data-id=\"81106ec\" data-element_type=\"widget\" data-e-type=\"widget\" data-widget_type=\"text-editor.default\">\n\t\t\t\t<div class=\"elementor-widget-container\">\n\t\t\t\t\t\t\t\t\t<p>Su solicitud de seguro, otros formularios o conversaciones telef\u00f3nicas con usted; informaci\u00f3n que nos facilita en nuestro sitio web; informaci\u00f3n procedente del uso o tr\u00e1fico de su sitio web; transacciones con nosotros, como su historial de pagos o de siniestros; transacciones con su corredor de seguros, como altas o bajas en su p\u00f3liza, o informaci\u00f3n actualizada, como cambios de direcci\u00f3n, conductores adicionales, etc.; informaci\u00f3n financiera que nos facilita a nosotros o a terceros proveedores para transacciones electr\u00f3nicas de pago de primas; agencias de informaci\u00f3n al consumidor y otras fuentes externas, como informes sobre veh\u00edculos a motor, informes sobre historial crediticio, informes sobre siniestros e informaci\u00f3n m\u00e9dica. Esta informaci\u00f3n nos permite suscribir p\u00f3lizas, tramitar siniestros, garantizar una facturaci\u00f3n adecuada, atender cuentas y efectuar pagos. Tambi\u00e9n recopilamos informaci\u00f3n de agentes de seguros que pueden utilizar este sitio web para realizar cambios en las p\u00f3lizas, efectuar pagos e informarse sobre el estado de las cuentas de los clientes.<\/p>\n\t\t\t\t\t\t\t\t<\/div>\n\t\t\t\t<\/div>\n\t\t\t\t<div class=\"elementor-element elementor-element-8702458 exad-sticky-section-no exad-glass-effect-no elementor-invisible elementor-widget elementor-widget-heading\" data-id=\"8702458\" data-element_type=\"widget\" data-e-type=\"widget\" data-settings=\"{&quot;_animation&quot;:&quot;fadeInLeft&quot;}\" data-widget_type=\"heading.default\">\n\t\t\t\t<div class=\"elementor-widget-container\">\n\t\t\t\t\t<h2 class=\"elementor-heading-title elementor-size-default\">Uso de sus datos personales por parte de AE<\/h2>\t\t\t\t<\/div>\n\t\t\t\t<\/div>\n\t\t\t\t<div class=\"elementor-element elementor-element-499fd22 exad-sticky-section-no exad-glass-effect-no elementor-widget elementor-widget-text-editor\" data-id=\"499fd22\" data-element_type=\"widget\" data-e-type=\"widget\" data-widget_type=\"text-editor.default\">\n\t\t\t\t<div class=\"elementor-widget-container\">\n\t\t\t\t\t\t\t\t\t<p>S\u00f3lo compartimos la informaci\u00f3n que recopilamos cuando lo exige o permite la ley.<\/p>\n<p>No compartimos la informaci\u00f3n personal de nuestros clientes con terceros no afiliados para sus propios fines comerciales directos. Para llevar a cabo nuestra propia actividad, es posible que necesitemos compartir informaci\u00f3n con nuestros abogados, nuestros contables y otros terceros profesionales, como profesionales m\u00e9dicos, autoridades reguladoras de seguros, autoridades policiales u otras autoridades gubernamentales, o terceros proveedores utilizados para transacciones de pago electr\u00f3nico.<\/p>\n<p>Tambi\u00e9n podemos compartir sus datos personales con terceros, como su corredor y proveedores, que nos ayudan a prestar servicios a su p\u00f3liza y a tramitar las reclamaciones.<\/p>\n<p>Podemos utilizar su informaci\u00f3n personal para responder a sus consultas, preguntas o comentarios, si accede a nuestro sitio web o si nos env\u00eda un correo electr\u00f3nico con preguntas o comentarios. Podemos guardar sus preguntas o comentarios en su direcci\u00f3n de correo electr\u00f3nico para futuras consultas.<\/p>\n\t\t\t\t\t\t\t\t<\/div>\n\t\t\t\t<\/div>\n\t\t\t\t<div class=\"elementor-element elementor-element-058edc6 exad-sticky-section-no exad-glass-effect-no elementor-invisible elementor-widget elementor-widget-heading\" data-id=\"058edc6\" data-element_type=\"widget\" data-e-type=\"widget\" data-settings=\"{&quot;_animation&quot;:&quot;fadeInLeft&quot;}\" data-widget_type=\"heading.default\">\n\t\t\t\t<div class=\"elementor-widget-container\">\n\t\t\t\t\t<h2 class=\"elementor-heading-title elementor-size-default\">C\u00f3mo American European Insurance Group protege su informaci\u00f3n personal<\/h2>\t\t\t\t<\/div>\n\t\t\t\t<\/div>\n\t\t\t\t<div class=\"elementor-element elementor-element-a467bf2 exad-sticky-section-no exad-glass-effect-no elementor-widget elementor-widget-text-editor\" data-id=\"a467bf2\" data-element_type=\"widget\" data-e-type=\"widget\" data-widget_type=\"text-editor.default\">\n\t\t\t\t<div class=\"elementor-widget-container\">\n\t\t\t\t\t\t\t\t\t<p>Nos comprometemos a proteger la privacidad y la seguridad de la informaci\u00f3n recogida a trav\u00e9s de nuestro sitio web. Protegeremos su informaci\u00f3n financiera personal, como los datos de su cuenta bancaria, recopilados para realizar transacciones de pago electr\u00f3nico.<\/p>\n<p>Disponemos de salvaguardias f\u00edsicas, electr\u00f3nicas y de procedimiento para garantizar la confidencialidad de la informaci\u00f3n personal que conservamos. Restringimos el acceso a su informaci\u00f3n personal \u00fanicamente a aquellos empleados que necesitan conocerla para prestarle servicios.<\/p>\n<p>Nuestro sitio web puede contener enlaces a otros sitios web sobre los que no tenemos ning\u00fan control. Le recomendamos que consulte la pol\u00edtica de privacidad del sitio web enlazado.<\/p>\n<p>Galletas. Utilizamos \u00abcookies\u00bb en nuestro sitio web para ofrecerle un mejor acceso. Una cookie es una peque\u00f1a cantidad de datos enviada a su navegador desde un servidor web y almacenada en su ordenador. Las cookies no almacenan informaci\u00f3n personal sobre usted a menos que usted la proporcione conscientemente. Almacenan informaci\u00f3n no personal para mejorar su acceso a nuestro sitio web, como reconocerle como visitante anterior. La mayor\u00eda de los navegadores pueden programarse para rechazar las cookies y usted puede borrar las que ya est\u00e1n en su ordenador. Consulte el software del sistema operativo de su ordenador o la funci\u00f3n \u00abayuda\u00bb para obtener informaci\u00f3n m\u00e1s espec\u00edfica.<\/p>\n<p>Aviso a nuestros clientes de Nueva Jersey. Si usted es uno de nuestros clientes de Nueva Jersey, tiene derecho a acceder a la informaci\u00f3n personal no p\u00fablica registrada que hayamos recopilado present\u00e1ndonos una solicitud por escrito en virtud de la ley de privacidad del estado, N.J.S.A. 17:23a-1 y siguientes. Env\u00ede su solicitud por escrito a American European Insurance Group, Inc., 2250 Chapel Avenue West, Cherry Hill, NJ 08002, Attention: Compliance Officer. Puede solicitarnos que (1) le informemos por escrito de la naturaleza y el contenido de la informaci\u00f3n personal registrada que hemos recopilado sobre usted; (2) le enviemos una copia de dicha informaci\u00f3n por correo; (3) le informemos de la identidad de las personas a las que hemos compartido su informaci\u00f3n personal en los \u00faltimos dos a\u00f1os, si esta informaci\u00f3n ha sido registrada por nosotros; si no ha sido registrada, le proporcionemos los nombres de las entidades o personas a las que normalmente se revela dicha informaci\u00f3n; y\/o, (4) corrijamos, modifiquemos o eliminemos cualquier informaci\u00f3n personal no p\u00fablica registrada. Para poder tramitar su solicitud, debemos tener el nombre de la compa\u00f1\u00eda American European Insurance Group que emiti\u00f3 su p\u00f3liza y su n\u00famero de p\u00f3liza.<\/p>\n<p>Cambios en nuestra pol\u00edtica de privacidad. Nos reservamos el derecho a modificar nuestra pol\u00edtica de privacidad en cualquier momento y sin previo aviso. Por lo tanto, debe revisar esta pol\u00edtica de vez en cuando para estar informado de cualquier cambio que se realice. El uso de este sitio web implica la aceptaci\u00f3n de cualquier cambio o actualizaci\u00f3n de la Pol\u00edtica de Privacidad, que entrar\u00e1 en vigor en el momento de su publicaci\u00f3n. Esta pol\u00edtica de privacidad se actualiz\u00f3 por \u00faltima vez el 15 de diciembre de 2011.<\/p>\n<p><strong>Este resumen de nuestras pr\u00e1cticas se facilita para su informaci\u00f3n.  <\/strong><br \/><strong>No se requiere ninguna acci\u00f3n por su parte tras la recepci\u00f3n de este aviso.  <\/strong><\/p>\n<p><strong>Gracias por elegir AE para sus necesidades de seguro.<\/strong><\/p>\n\t\t\t\t\t\t\t\t<\/div>\n\t\t\t\t<\/div>\n\t\t\t\t\t<\/div>\n\t\t<\/div>\n\t\t\t\t\t<\/div>\n\t\t<\/section>\n\t\t\t\t<\/div>\n\t\t","protected":false},"excerpt":{"rendered":"<p>Inicio Pol\u00edtica de privacidad Pol\u00edtica de privacidad Para poder ofrecer productos de seguros de alta calidad, recopilamos informaci\u00f3n personal sobre usted y su familia. Consideramos que esta informaci\u00f3n es confidencial y disponemos de procedimientos para protegerla contra su uso y divulgaci\u00f3n il\u00edcitos. Divulgaremos sus datos personales \u00fanicamente cuando sea necesario para tramitar su solicitud de&hellip; <a class=\"more-link\" href=\"https:\/\/claroins.com\/es\/index.php\/politica-de-privacidad\/\">Seguir leyendo <span class=\"screen-reader-text\">Pol\u00edtica de privacidad<\/span><\/a><\/p>\n","protected":false},"author":3,"featured_media":0,"parent":0,"menu_order":0,"comment_status":"closed","ping_status":"closed","template":"elementor_header_footer","meta":{"footnotes":""},"class_list":["post-2138","page","type-page","status-publish","hentry","entry"],"_links":{"self":[{"href":"https:\/\/claroins.com\/es\/index.php\/wp-json\/wp\/v2\/pages\/2138","targetHints":{"allow":["GET"]}}],"collection":[{"href":"https:\/\/claroins.com\/es\/index.php\/wp-json\/wp\/v2\/pages"}],"about":[{"href":"https:\/\/claroins.com\/es\/index.php\/wp-json\/wp\/v2\/types\/page"}],"author":[{"embeddable":true,"href":"https:\/\/claroins.com\/es\/index.php\/wp-json\/wp\/v2\/users\/3"}],"replies":[{"embeddable":true,"href":"https:\/\/claroins.com\/es\/index.php\/wp-json\/wp\/v2\/comments?post=2138"}],"version-history":[{"count":2,"href":"https:\/\/claroins.com\/es\/index.php\/wp-json\/wp\/v2\/pages\/2138\/revisions"}],"predecessor-version":[{"id":2142,"href":"https:\/\/claroins.com\/es\/index.php\/wp-json\/wp\/v2\/pages\/2138\/revisions\/2142"}],"wp:attachment":[{"href":"https:\/\/claroins.com\/es\/index.php\/wp-json\/wp\/v2\/media?parent=2138"}],"curies":[{"name":"wp","href":"https:\/\/api.w.org\/{rel}","templated":true}]}}