{"id":2203,"date":"2023-08-07T13:19:00","date_gmt":"2023-08-07T13:19:00","guid":{"rendered":"https:\/\/claroins.com\/index.php\/centro-de-reclamaciones\/"},"modified":"2023-08-25T14:36:44","modified_gmt":"2023-08-25T14:36:44","slug":"centro-de-reclamaciones","status":"publish","type":"page","link":"https:\/\/claroins.com\/es\/index.php\/centro-de-reclamaciones\/","title":{"rendered":"Centro de Reclamaciones"},"content":{"rendered":"\t\t<div data-elementor-type=\"wp-page\" data-elementor-id=\"2203\" class=\"elementor elementor-2203 elementor-48\">\n\t\t\t\t\t\t<section data-exad-particle-enable=\"false\" class=\"elementor-section elementor-top-section elementor-element elementor-element-346aefa elementor-section-boxed elementor-section-height-default elementor-section-height-default exad-parallax-effect-no exad-background-color-change-no exad-glass-effect-no exad-sticky-section-no\" data-id=\"346aefa\" data-element_type=\"section\" data-e-type=\"section\" data-settings=\"{&quot;background_background&quot;:&quot;classic&quot;}\">\n\t\t\t\t\t\t\t<div class=\"elementor-background-overlay\"><\/div>\n\t\t\t\t\t\t\t<div class=\"elementor-container elementor-column-gap-default\">\n\t\t\t\t\t<div class=\"elementor-column elementor-col-100 elementor-top-column elementor-element elementor-element-8201745 exad-glass-effect-no exad-sticky-section-no\" data-id=\"8201745\" data-element_type=\"column\" data-e-type=\"column\">\n\t\t\t<div class=\"elementor-widget-wrap elementor-element-populated\">\n\t\t\t\t\t\t<div class=\"elementor-element elementor-element-ad60c03 exad-sticky-section-no exad-glass-effect-no elementor-widget elementor-widget-heading\" data-id=\"ad60c03\" data-element_type=\"widget\" data-e-type=\"widget\" data-widget_type=\"heading.default\">\n\t\t\t\t<div class=\"elementor-widget-container\">\n\t\t\t\t\t<h2 class=\"elementor-heading-title elementor-size-default\">CENTRO DE RECLAMACIONES<\/h2>\t\t\t\t<\/div>\n\t\t\t\t<\/div>\n\t\t\t\t\t<\/div>\n\t\t<\/div>\n\t\t\t\t\t<\/div>\n\t\t<\/section>\n\t\t\t\t<section data-exad-particle-enable=\"false\" class=\"elementor-section elementor-top-section elementor-element elementor-element-8d95ad7 elementor-section-boxed elementor-section-height-default elementor-section-height-default exad-parallax-effect-no exad-background-color-change-no exad-glass-effect-no exad-sticky-section-no\" data-id=\"8d95ad7\" data-element_type=\"section\" data-e-type=\"section\">\n\t\t\t\t\t\t<div class=\"elementor-container elementor-column-gap-default\">\n\t\t\t\t\t<div class=\"elementor-column elementor-col-100 elementor-top-column elementor-element elementor-element-9df015d exad-glass-effect-no exad-sticky-section-no\" data-id=\"9df015d\" data-element_type=\"column\" data-e-type=\"column\">\n\t\t\t<div class=\"elementor-widget-wrap elementor-element-populated\">\n\t\t\t\t\t\t<section data-exad-particle-enable=\"false\" class=\"elementor-section elementor-inner-section elementor-element elementor-element-560d90d elementor-section-boxed elementor-section-height-default elementor-section-height-default exad-parallax-effect-no exad-background-color-change-no exad-glass-effect-no exad-sticky-section-no\" data-id=\"560d90d\" data-element_type=\"section\" data-e-type=\"section\">\n\t\t\t\t\t\t<div class=\"elementor-container elementor-column-gap-default\">\n\t\t\t\t\t<div class=\"elementor-column elementor-col-50 elementor-inner-column elementor-element elementor-element-c0247b8 exad-glass-effect-no exad-sticky-section-no\" data-id=\"c0247b8\" data-element_type=\"column\" data-e-type=\"column\">\n\t\t\t<div class=\"elementor-widget-wrap elementor-element-populated\">\n\t\t\t\t\t\t<div class=\"elementor-element elementor-element-30e8ac1 exad-sticky-section-no exad-glass-effect-no elementor-widget elementor-widget-heading\" data-id=\"30e8ac1\" data-element_type=\"widget\" data-e-type=\"widget\" data-widget_type=\"heading.default\">\n\t\t\t\t<div class=\"elementor-widget-container\">\n\t\t\t\t\t<h2 class=\"elementor-heading-title elementor-size-default\">Los accidentes ocurren...<\/h2>\t\t\t\t<\/div>\n\t\t\t\t<\/div>\n\t\t\t\t<div class=\"elementor-element elementor-element-9457d66 exad-sticky-section-no exad-glass-effect-no elementor-widget elementor-widget-heading\" data-id=\"9457d66\" data-element_type=\"widget\" data-e-type=\"widget\" data-widget_type=\"heading.default\">\n\t\t\t\t<div class=\"elementor-widget-container\">\n\t\t\t\t\t<h2 class=\"elementor-heading-title elementor-size-default\">Pero la buena noticia es que estamos aqu\u00ed para ayudarte.<\/h2>\t\t\t\t<\/div>\n\t\t\t\t<\/div>\n\t\t\t\t<div class=\"elementor-element elementor-element-928179a exad-sticky-section-no exad-glass-effect-no elementor-widget elementor-widget-heading\" data-id=\"928179a\" data-element_type=\"widget\" data-e-type=\"widget\" data-widget_type=\"heading.default\">\n\t\t\t\t<div class=\"elementor-widget-container\">\n\t\t\t\t\t<h2 class=\"elementor-heading-title elementor-size-default\">\u00bfNecesita presentar una reclamaci\u00f3n?<\/h2>\t\t\t\t<\/div>\n\t\t\t\t<\/div>\n\t\t\t\t<div class=\"elementor-element elementor-element-8ffca1a exad-sticky-section-no exad-glass-effect-no elementor-widget elementor-widget-heading\" data-id=\"8ffca1a\" data-element_type=\"widget\" data-e-type=\"widget\" data-widget_type=\"heading.default\">\n\t\t\t\t<div class=\"elementor-widget-container\">\n\t\t\t\t\t<h2 class=\"elementor-heading-title elementor-size-default\">Sabemos que hacer una reclamaci\u00f3n no es algo que le haga mucha ilusi\u00f3n. Por suerte, no es algo que haya que hacer todos los d\u00edas. Entendemos y nos esforzamos por hacer que su experiencia de reclamaci\u00f3n sea lo m\u00e1s f\u00e1cil y fluida posible. Y estaremos all\u00ed para acompa\u00f1arle en cada paso del proceso.<\/h2>\t\t\t\t<\/div>\n\t\t\t\t<\/div>\n\t\t\t\t\t<\/div>\n\t\t<\/div>\n\t\t\t\t<div class=\"elementor-column elementor-col-50 elementor-inner-column elementor-element elementor-element-8f1ea2d exad-glass-effect-no exad-sticky-section-no\" data-id=\"8f1ea2d\" data-element_type=\"column\" data-e-type=\"column\">\n\t\t\t<div class=\"elementor-widget-wrap elementor-element-populated\">\n\t\t\t\t\t\t<div class=\"elementor-element elementor-element-c1eb44e exad-sticky-section-no exad-glass-effect-no elementor-widget elementor-widget-image\" data-id=\"c1eb44e\" data-element_type=\"widget\" data-e-type=\"widget\" data-widget_type=\"image.default\">\n\t\t\t\t<div class=\"elementor-widget-container\">\n\t\t\t\t\t\t\t\t\t\t\t\t\t\t\t<img fetchpriority=\"high\" decoding=\"async\" width=\"750\" height=\"500\" src=\"https:\/\/claroins.com\/wp-content\/uploads\/2023\/08\/11.1-1024x683.jpg\" class=\"attachment-large size-large wp-image-2055\" alt=\"\" srcset=\"https:\/\/claroins.com\/wp-content\/uploads\/2023\/08\/11.1-1024x683.jpg 1024w, https:\/\/claroins.com\/wp-content\/uploads\/2023\/08\/11.1-300x200.jpg 300w, https:\/\/claroins.com\/wp-content\/uploads\/2023\/08\/11.1-768x512.jpg 768w, https:\/\/claroins.com\/wp-content\/uploads\/2023\/08\/11.1-1536x1024.jpg 1536w, https:\/\/claroins.com\/wp-content\/uploads\/2023\/08\/11.1-2048x1366.jpg 2048w, https:\/\/claroins.com\/wp-content\/uploads\/2023\/08\/11.1-1568x1046.jpg 1568w\" sizes=\"(max-width: 750px) 100vw, 750px\" style=\"width:100%;height:66.68%;max-width:2560px\" \/>\t\t\t\t\t\t\t\t\t\t\t\t\t\t\t<\/div>\n\t\t\t\t<\/div>\n\t\t\t\t\t<\/div>\n\t\t<\/div>\n\t\t\t\t\t<\/div>\n\t\t<\/section>\n\t\t\t\t<div class=\"elementor-element elementor-element-fe2b86d exad-sticky-section-no exad-glass-effect-no elementor-widget elementor-widget-heading\" data-id=\"fe2b86d\" data-element_type=\"widget\" data-e-type=\"widget\" data-widget_type=\"heading.default\">\n\t\t\t\t<div class=\"elementor-widget-container\">\n\t\t\t\t\t<h2 class=\"elementor-heading-title elementor-size-default\">\u00bfQu\u00e9 voy a necesitar?<\/h2>\t\t\t\t<\/div>\n\t\t\t\t<\/div>\n\t\t\t\t<div class=\"elementor-element elementor-element-f78e598 exad-sticky-section-no exad-glass-effect-no elementor-widget elementor-widget-text-editor\" data-id=\"f78e598\" data-element_type=\"widget\" data-e-type=\"widget\" data-widget_type=\"text-editor.default\">\n\t\t\t\t<div class=\"elementor-widget-container\">\n\t\t\t\t\t\t\t\t\t<p>Suponiendo que est\u00e9 a salvo y sin lesiones, intente obtener la siguiente informaci\u00f3n en el lugar de los hechos para que el proceso de reclamaci\u00f3n sea un poco m\u00e1s sencillo:<\/p>\n<\/p>\n<div>\n<ul>\n<li>Nombres de todos los conductores implicados<\/li>\n<li>Direcciones de otros conductores implicados<\/li>\n<li>N\u00fameros de tel\u00e9fono<\/li>\n<li>Nombres de las compa\u00f1\u00edas de seguros de otros conductores<\/li>\n<li>N\u00fameros de p\u00f3liza de otros conductores<\/li>\n<li>Matr\u00edculas de otros coches<\/li>\n<li>Descripciones de otros coches implicados en el accidente (a\u00f1o, marca, modelo)<\/li>\n<li>Informaci\u00f3n para testigos<\/li>\n<li>Fotos de los da\u00f1os<\/li>\n<li>Anota la hora, la fecha y el lugar del accidente.<\/li>\n<\/ul>\n<\/div>\n<p>Aunque se considere culpable del accidente, le sugerimos que no admita la culpa al cooperar con la polic\u00eda en el lugar de los hechos. Recuerde que no tiene que hablar del accidente con nadie, salvo con un representante autorizado del seguro AE o con la polic\u00eda.<\/p>\n\t\t\t\t\t\t\t\t<\/div>\n\t\t\t\t<\/div>\n\t\t\t\t<div class=\"elementor-element elementor-element-74e2ba0 exad-sticky-section-no exad-glass-effect-no elementor-widget elementor-widget-heading\" data-id=\"74e2ba0\" data-element_type=\"widget\" data-e-type=\"widget\" data-widget_type=\"heading.default\">\n\t\t\t\t<div class=\"elementor-widget-container\">\n\t\t\t\t\t<h2 class=\"elementor-heading-title elementor-size-default\">\u00bfC\u00f3mo denunciar?<\/h2>\t\t\t\t<\/div>\n\t\t\t\t<\/div>\n\t\t\t\t<div class=\"elementor-element elementor-element-9b57d14 exad-sticky-section-no exad-glass-effect-no elementor-widget elementor-widget-text-editor\" data-id=\"9b57d14\" data-element_type=\"widget\" data-e-type=\"widget\" data-widget_type=\"text-editor.default\">\n\t\t\t\t<div class=\"elementor-widget-container\">\n\t\t\t\t\t\t\t\t\t<ul>\n<li>Ll\u00e1menos al <a href=\"tel:1-844-335-0049\">1-844-335-0049<\/a> (gratuito) en cuanto pueda hacerlo sin peligro; O bien<\/li>\n<li>Introduzca los datos necesarios en las casillas siguientes y pulse el bot\u00f3n \u00abEnviar\u00bb:<\/li>\n<\/ul>\n\t\t\t\t\t\t\t\t<\/div>\n\t\t\t\t<\/div>\n\t\t\t\t\t<\/div>\n\t\t<\/div>\n\t\t\t\t\t<\/div>\n\t\t<\/section>\n\t\t\t\t<section data-exad-particle-enable=\"false\" class=\"elementor-section elementor-top-section elementor-element elementor-element-8d12998 elementor-section-boxed elementor-section-height-default elementor-section-height-default exad-parallax-effect-no exad-background-color-change-no exad-glass-effect-no exad-sticky-section-no\" data-id=\"8d12998\" data-element_type=\"section\" data-e-type=\"section\">\n\t\t\t\t\t\t<div class=\"elementor-container elementor-column-gap-default\">\n\t\t\t\t\t<div class=\"elementor-column elementor-col-100 elementor-top-column elementor-element elementor-element-9ebfe5d exad-glass-effect-no exad-sticky-section-no\" data-id=\"9ebfe5d\" data-element_type=\"column\" data-e-type=\"column\">\n\t\t\t<div class=\"elementor-widget-wrap elementor-element-populated\">\n\t\t\t\t\t\t<div class=\"elementor-element elementor-element-e0c6158 ekit_wpForms_container-form-button-custom exad-sticky-section-no exad-glass-effect-no elementor-widget elementor-widget-elementskit-wp-forms\" data-id=\"e0c6158\" data-element_type=\"widget\" data-e-type=\"widget\" data-widget_type=\"elementskit-wp-forms.default\">\n\t\t\t\t<div class=\"elementor-widget-container\">\n\t\t\t\t\t<div class=\"ekit-wid-con ekit_wpForms_container\"><div class=\"wpforms-container wpforms-container-full wpforms-render-modern\" id=\"wpforms-676\"><form id=\"wpforms-form-676\" class=\"wpforms-validate wpforms-form wpforms-ajax-form\" data-formid=\"676\" method=\"post\" enctype=\"multipart\/form-data\" action=\"\/es\/index.php\/centro-de-reclamaciones\/\" data-token=\"64d5e78c294e556dd844fddd67fb0e08\"><noscript class=\"wpforms-error-noscript\">Por favor, activa JavaScript en tu navegador para completar este formulario.<\/noscript><div class=\"wpforms-hidden\" id=\"wpforms-error-noscript\">Por favor, activa JavaScript en tu navegador para completar este formulario.<\/div><div class=\"wpforms-field-container\"><div id=\"wpforms-676-field_1-container\" class=\"wpforms-field wpforms-field-text\" data-field-id=\"1\"><label class=\"wpforms-field-label\" for=\"wpforms-676-field_1\">Policy Number <span class=\"wpforms-required-label\" aria-hidden=\"true\">*<\/span><\/label><input type=\"text\" id=\"wpforms-676-field_1\" class=\"wpforms-field-large wpforms-field-required\" name=\"wpforms[fields][1]\" aria-errormessage=\"wpforms-676-field_1-error\" required><\/div><div id=\"wpforms-676-field_10-container\" class=\"wpforms-field wpforms-field-date-time\" data-field-id=\"10\"><fieldset><legend class=\"wpforms-field-label\">Accident  <span class=\"wpforms-required-label\" aria-hidden=\"true\">*<\/span><\/legend><div class=\"wpforms-field-row wpforms-field-large\"><div class=\"wpforms-field-row-block wpforms-date-type-datepicker\"><div class=\"wpforms-datepicker-wrap\"><input type=\"text\" id=\"wpforms-676-field_10\" class=\"wpforms-field-date-time-date wpforms-datepicker wpforms-field-required\" data-date-format=\"m\/d\/Y\" data-disable-past-dates=\"0\" data-input=\"true\" name=\"wpforms[fields][10][date]\" placeholder=\"Date\" aria-errormessage=\"wpforms-676-field_10-error\" required><a title=\"Borrar fecha\" data-clear class=\"wpforms-datepicker-clear\" style=\"display:none;\"><\/a><\/div><label for=\"wpforms-676-field_10\" class=\"wpforms-field-sublabel after \">Fecha<\/label><\/div><div class=\"wpforms-field-row-block\"><input type=\"text\" id=\"wpforms-676-field_10-time\" class=\"wpforms-field-date-time-time wpforms-timepicker wpforms-field-required\" data-time-format=\"g:i A\" data-step=\"30\" data-rule-time12h=\"true\" name=\"wpforms[fields][10][time]\" placeholder=\"Time\" aria-errormessage=\"wpforms-676-field_10-time-error\" required><label for=\"wpforms-676-field_10-time\" class=\"wpforms-field-sublabel after \">Hora<\/label><\/div><\/div><\/fieldset><\/div><div id=\"wpforms-676-field_14-container\" class=\"wpforms-field wpforms-field-select wpforms-field-select-style-classic\" data-field-id=\"14\"><label class=\"wpforms-field-label\" for=\"wpforms-676-field_14\">How Are You Involved?  <span class=\"wpforms-required-label\" aria-hidden=\"true\">*<\/span><\/label><select id=\"wpforms-676-field_14\" class=\"wpforms-field-large wpforms-field-required\" name=\"wpforms[fields][14]\" required=\"required\"><option value=\"Driver\" >Driver<\/option><option value=\"Passenger\" >Passenger<\/option><option value=\"Claimant\" >Claimant<\/option><option value=\"Attorney\" >Attorney<\/option><\/select><\/div><div id=\"wpforms-676-field_2-container\" class=\"wpforms-field wpforms-field-name\" data-field-id=\"2\"><fieldset><legend class=\"wpforms-field-label\">Name <span class=\"wpforms-required-label\" aria-hidden=\"true\">*<\/span><\/legend><div class=\"wpforms-field-row wpforms-field-large\"><div class=\"wpforms-field-row-block wpforms-first wpforms-one-half\"><input type=\"text\" id=\"wpforms-676-field_2\" class=\"wpforms-field-name-first wpforms-field-required\" name=\"wpforms[fields][2][first]\" aria-errormessage=\"wpforms-676-field_2-error\" required><label for=\"wpforms-676-field_2\" class=\"wpforms-field-sublabel after \">Nombre<\/label><\/div><div class=\"wpforms-field-row-block wpforms-one-half\"><input type=\"text\" id=\"wpforms-676-field_2-last\" class=\"wpforms-field-name-last wpforms-field-required\" name=\"wpforms[fields][2][last]\" aria-errormessage=\"wpforms-676-field_2-last-error\" required><label for=\"wpforms-676-field_2-last\" class=\"wpforms-field-sublabel after \">Apellidos<\/label><\/div><\/div><\/fieldset><\/div><div id=\"wpforms-676-field_5-container\" class=\"wpforms-field wpforms-field-email\" data-field-id=\"5\"><label class=\"wpforms-field-label\" for=\"wpforms-676-field_5\">Email <span class=\"wpforms-required-label\" aria-hidden=\"true\">*<\/span><\/label><input type=\"email\" id=\"wpforms-676-field_5\" class=\"wpforms-field-large wpforms-field-required\" name=\"wpforms[fields][5]\" spellcheck=\"false\" aria-errormessage=\"wpforms-676-field_5-error\" required><\/div><div id=\"wpforms-676-field_15-container\" class=\"wpforms-field wpforms-field-text\" data-field-id=\"15\"><label class=\"wpforms-field-label\" for=\"wpforms-676-field_15\">Company Name<\/label><input type=\"text\" id=\"wpforms-676-field_15\" class=\"wpforms-field-large\" name=\"wpforms[fields][15]\" aria-errormessage=\"wpforms-676-field_15-error\" ><\/div><div id=\"wpforms-676-field_6-container\" class=\"wpforms-field wpforms-field-phone\" data-field-id=\"6\"><label class=\"wpforms-field-label\" for=\"wpforms-676-field_6\">Primary Phone <span class=\"wpforms-required-label\" aria-hidden=\"true\">*<\/span><\/label><input type=\"tel\" id=\"wpforms-676-field_6\" class=\"wpforms-field-large wpforms-field-required wpforms-smart-phone-field\" data-rule-smart-phone-field=\"true\" name=\"wpforms[fields][6]\" aria-errormessage=\"wpforms-676-field_6-error\" required><\/div><div id=\"wpforms-676-field_16-container\" class=\"wpforms-field wpforms-field-select wpforms-field-select-style-classic\" data-field-id=\"16\"><label class=\"wpforms-field-label\" for=\"wpforms-676-field_16\">Primary Phone Type <span class=\"wpforms-required-label\" aria-hidden=\"true\">*<\/span><\/label><select id=\"wpforms-676-field_16\" class=\"wpforms-field-large wpforms-field-required\" name=\"wpforms[fields][16]\" required=\"required\"><option value=\"Mobile\" >Mobile<\/option><option value=\"Landline\" >Landline<\/option><\/select><\/div><div id=\"wpforms-676-field_17-container\" class=\"wpforms-field wpforms-field-phone\" data-field-id=\"17\"><label class=\"wpforms-field-label\" for=\"wpforms-676-field_17\">Alternate Phone<\/label><input type=\"tel\" id=\"wpforms-676-field_17\" class=\"wpforms-field-large wpforms-smart-phone-field\" data-rule-smart-phone-field=\"true\" name=\"wpforms[fields][17]\" aria-errormessage=\"wpforms-676-field_17-error\" ><\/div><div id=\"wpforms-676-field_18-container\" class=\"wpforms-field wpforms-field-select wpforms-field-select-style-classic\" data-field-id=\"18\"><label class=\"wpforms-field-label\" for=\"wpforms-676-field_18\">Alternate Phone Type<\/label><select id=\"wpforms-676-field_18\" class=\"wpforms-field-large\" name=\"wpforms[fields][18]\"><option value=\"Mobile\" >Mobile<\/option><option value=\"Landline\" >Landline<\/option><\/select><\/div><div id=\"wpforms-676-field_19-container\" class=\"wpforms-field wpforms-field-select wpforms-field-select-style-classic\" data-field-id=\"19\"><label class=\"wpforms-field-label\" for=\"wpforms-676-field_19\">Preferred Language <span class=\"wpforms-required-label\" aria-hidden=\"true\">*<\/span><\/label><select id=\"wpforms-676-field_19\" class=\"wpforms-field-large wpforms-field-required\" name=\"wpforms[fields][19]\" required=\"required\"><option value=\"English\" >English<\/option><option value=\"Espanol\" >Espanol<\/option><\/select><\/div><div id=\"wpforms-676-field_20-container\" class=\"wpforms-field wpforms-field-select wpforms-field-select-style-classic\" data-field-id=\"20\"><label class=\"wpforms-field-label\" for=\"wpforms-676-field_20\">May We Email and\/or Text You?<\/label><select id=\"wpforms-676-field_20\" class=\"wpforms-field-large\" name=\"wpforms[fields][20]\"><option value=\"Yes\" >Yes<\/option><option value=\"No\" >No<\/option><\/select><\/div><\/div><!-- .wpforms-field-container --><div class=\"wpforms-submit-container\" ><input type=\"hidden\" name=\"wpforms[id]\" value=\"676\"><input type=\"hidden\" name=\"wpforms[author]\" value=\"3\"><input type=\"hidden\" name=\"wpforms[post_id]\" value=\"2203\"><button type=\"submit\" name=\"wpforms[submit]\" id=\"wpforms-submit-676\" class=\"wpforms-submit\" data-alt-text=\"Sending...\" data-submit-text=\"Submit\" aria-live=\"assertive\" value=\"wpforms-submit\">Submit<\/button><img decoding=\"async\" src=\"https:\/\/claroins.com\/wp-content\/plugins\/wpforms\/assets\/images\/submit-spin.svg\" class=\"wpforms-submit-spinner\" style=\"display: none;\" width=\"26\" height=\"26\" alt=\"Cargando\"><\/div><\/form><\/div>  <!-- .wpforms-container --><\/div>\t\t\t\t<\/div>\n\t\t\t\t<\/div>\n\t\t\t\t\t<\/div>\n\t\t<\/div>\n\t\t\t\t\t<\/div>\n\t\t<\/section>\n\t\t\t\t<\/div>\n\t\t","protected":false},"excerpt":{"rendered":"<p>CENTRO DE RECLAMACIONES Los accidentes ocurren&#8230; Pero la buena noticia es que estamos aqu\u00ed para ayudarte. \u00bfNecesita presentar una reclamaci\u00f3n? Sabemos que hacer una reclamaci\u00f3n no es algo que le haga mucha ilusi\u00f3n. Por suerte, no es algo que haya que hacer todos los d\u00edas. Entendemos y nos esforzamos por hacer que su experiencia de&hellip; <a class=\"more-link\" href=\"https:\/\/claroins.com\/es\/index.php\/centro-de-reclamaciones\/\">Seguir leyendo <span class=\"screen-reader-text\">Centro de Reclamaciones<\/span><\/a><\/p>\n","protected":false},"author":3,"featured_media":0,"parent":0,"menu_order":0,"comment_status":"closed","ping_status":"closed","template":"elementor_header_footer","meta":{"footnotes":""},"class_list":["post-2203","page","type-page","status-publish","hentry","entry"],"_links":{"self":[{"href":"https:\/\/claroins.com\/es\/index.php\/wp-json\/wp\/v2\/pages\/2203","targetHints":{"allow":["GET"]}}],"collection":[{"href":"https:\/\/claroins.com\/es\/index.php\/wp-json\/wp\/v2\/pages"}],"about":[{"href":"https:\/\/claroins.com\/es\/index.php\/wp-json\/wp\/v2\/types\/page"}],"author":[{"embeddable":true,"href":"https:\/\/claroins.com\/es\/index.php\/wp-json\/wp\/v2\/users\/3"}],"replies":[{"embeddable":true,"href":"https:\/\/claroins.com\/es\/index.php\/wp-json\/wp\/v2\/comments?post=2203"}],"version-history":[{"count":2,"href":"https:\/\/claroins.com\/es\/index.php\/wp-json\/wp\/v2\/pages\/2203\/revisions"}],"predecessor-version":[{"id":2205,"href":"https:\/\/claroins.com\/es\/index.php\/wp-json\/wp\/v2\/pages\/2203\/revisions\/2205"}],"wp:attachment":[{"href":"https:\/\/claroins.com\/es\/index.php\/wp-json\/wp\/v2\/media?parent=2203"}],"curies":[{"name":"wp","href":"https:\/\/api.w.org\/{rel}","templated":true}]}}